{"id":345644,"date":"2024-06-29T12:27:13","date_gmt":"2024-06-29T12:27:13","guid":{"rendered":"https:\/\/www.caladelporto.com\/kontakte\/"},"modified":"2024-06-29T12:27:13","modified_gmt":"2024-06-29T12:27:13","slug":"kontakte","status":"publish","type":"page","link":"https:\/\/www.caladelporto.com\/de\/kontakte\/","title":{"rendered":"Kontakte"},"content":{"rendered":"<p>[et_pb_section fb_built=&#8220;1&#8243; _builder_version=&#8220;4.25.1&#8243; custom_padding=&#8220;120px||30px||false|false&#8220; locked=&#8220;off&#8220; global_colors_info=&#8220;{}&#8220;][et_pb_row _builder_version=&#8220;4.16&#8243; global_colors_info=&#8220;{}&#8220;][et_pb_column type=&#8220;4_4&#8243; _builder_version=&#8220;4.16&#8243; global_colors_info=&#8220;{}&#8220;][et_pb_text _builder_version=&#8220;4.25.1&#8243; header_3_font=&#8220;MR xx||||||||&#8220; header_3_text_color=&#8220;#6d6964&#8243; header_3_font_size=&#8220;11vw&#8220; text_orientation=&#8220;center&#8220; animation_style=&#8220;fade&#8220; animation_duration=&#8220;950ms&#8220; header_3_font_size_tablet=&#8220;13vw&#8220; header_3_font_size_phone=&#8220;12vw&#8220; header_3_font_size_last_edited=&#8220;on|phone&#8220; animation_duration_tablet=&#8220;1300ms&#8220; animation_duration_phone=&#8220;1300ms&#8220; animation_duration_last_edited=&#8220;on|phone&#8220; global_colors_info=&#8220;{}&#8220;]<\/p>\n<h3>kontakte<\/h3>\n<p>[\/et_pb_text][\/et_pb_column][\/et_pb_row][\/et_pb_section][et_pb_section fb_built=&#8220;1&#8243; _builder_version=&#8220;4.16&#8243; locked=&#8220;off&#8220; global_colors_info=&#8220;{}&#8220;][et_pb_row _builder_version=&#8220;4.25.1&#8243; _module_preset=&#8220;default&#8220; global_colors_info=&#8220;{}&#8220;][et_pb_column type=&#8220;4_4&#8243; _builder_version=&#8220;4.25.1&#8243; _module_preset=&#8220;default&#8220; global_colors_info=&#8220;{}&#8220;][et_pb_image src=&#8220;https:\/\/www.caladelporto.com\/wp-content\/uploads\/2024\/05\/logo1-3.png&#8220; title_text=&#8220;logo1-3&#8243; _builder_version=&#8220;4.25.1&#8243; _module_preset=&#8220;default&#8220; global_colors_info=&#8220;{}&#8220;][\/et_pb_image][et_pb_text _builder_version=&#8220;4.27.0&#8243; text_font=&#8220;RDHD|300|||||||&#8220; text_text_color=&#8220;#000000&#8243; text_font_size=&#8220;20px&#8220; text_line_height=&#8220;1.6em&#8220; link_text_color=&#8220;#7cda24&#8243; width_last_edited=&#8220;off|desktop&#8220; max_width_tablet=&#8220;&#8220; max_width_phone=&#8220;&#8220; max_width_last_edited=&#8220;on|tablet&#8220; module_alignment=&#8220;center&#8220; hover_enabled=&#8220;0&#8243; text_font_size_tablet=&#8220;20px&#8220; text_font_size_phone=&#8220;18px&#8220; text_font_size_last_edited=&#8220;on|phone&#8220; text_orientation_tablet=&#8220;center&#8220; text_orientation_phone=&#8220;center&#8220; text_orientation_last_edited=&#8220;off|desktop&#8220; global_colors_info=&#8220;{}&#8220; sticky_enabled=&#8220;0&#8243;]<\/p>\n<p>Adresse: Via Roma, 89900 Vibo Marina VV<\/p>\n<p>Telefon: +39 0963 577762<\/p>\n<p>Umsatzsteuer-Identifikationsnummer: 03663630790<\/p>\n<p>CIR: 102047-ALB-00002<\/p>\n<p>CIN: IT102047A1AQJNKL8J <\/p>\n<p>[\/et_pb_text][et_pb_social_media_follow icon_color=&#8220;gcid-af9142b2-c7bb-4025-b5bc-0a5772cc740b&#8220; use_icon_font_size=&#8220;on&#8220; icon_font_size=&#8220;18px&#8220; icon_font_size_tablet=&#8220;14px&#8220; icon_font_size_phone=&#8220;14px&#8220; icon_font_size_last_edited=&#8220;on|phone&#8220; _builder_version=&#8220;4.25.1&#8243; custom_margin_tablet=&#8220;|0px||0px|false|true&#8220; custom_margin_phone=&#8220;|0px||0px|false|true&#8220; custom_margin_last_edited=&#8220;on|phone&#8220; locked=&#8220;off&#8220; global_colors_info=&#8220;{%22gcid-af9142b2-c7bb-4025-b5bc-0a5772cc740b%22:%91%22icon_color__hover%22,%22icon_color%22%93}&#8220; icon_color__hover_enabled=&#8220;on|desktop&#8220; icon_color__hover=&#8220;#577a34&#8243; border_color_all__hover_enabled=&#8220;off|desktop&#8220; border_color_all__hover=&#8220;#c4a973&#8243;][et_pb_social_media_follow_network social_network=&#8220;facebook&#8220; url=&#8220;https:\/\/m.facebook.com\/p\/Hotel-Cala-del-Porto-100063606427648\/&#8220; _builder_version=&#8220;4.25.1&#8243; background_color=&#8220;RGBA(255,255,255,0)&#8220; background_enable_color=&#8220;on&#8220; custom_margin=&#8220;|10px|||false|false&#8220; custom_padding=&#8220;10px|10px|10px|10px|true|true&#8220; border_radii=&#8220;on|50px|50px|50px|50px&#8220; border_width_all=&#8220;3px&#8220; border_color_all=&#8220;gcid-af9142b2-c7bb-4025-b5bc-0a5772cc740b&#8220; global_colors_info=&#8220;{%22gcid-af9142b2-c7bb-4025-b5bc-0a5772cc740b%22:%91%22border_color_all__hover%22,%22border_color_all%22%93}&#8220; border_color_all__hover_enabled=&#8220;on|hover&#8220; border_color_all__hover=&#8220;#577a34&#8243; follow_button=&#8220;off&#8220; url_new_window=&#8220;on&#8220;]facebook[\/et_pb_social_media_follow_network][et_pb_social_media_follow_network social_network=&#8220;instagram&#8220; url=&#8220;https:\/\/www.instagram.com\/hotelcaladelporto\/&#8220; _builder_version=&#8220;4.25.1&#8243; background_color=&#8220;RGBA(255,255,255,0)&#8220; background_enable_color=&#8220;on&#8220; custom_margin=&#8220;|10px|||false|false&#8220; custom_padding=&#8220;10px|10px|10px|10px|true|true&#8220; border_radii=&#8220;on|50px|50px|50px|50px&#8220; border_width_all=&#8220;3px&#8220; border_color_all=&#8220;gcid-af9142b2-c7bb-4025-b5bc-0a5772cc740b&#8220; global_colors_info=&#8220;{%22gcid-af9142b2-c7bb-4025-b5bc-0a5772cc740b%22:%91%22border_color_all__hover%22,%22border_color_all%22,%22border_color_all__hover%22%93}&#8220; border_color_all__hover_enabled=&#8220;on|hover&#8220; border_color_all__hover=&#8220;#577a34&#8243; follow_button=&#8220;off&#8220; url_new_window=&#8220;on&#8220;]instagram[\/et_pb_social_media_follow_network][\/et_pb_social_media_follow][\/et_pb_column][\/et_pb_row][\/et_pb_section][et_pb_section fb_built=&#8220;1&#8243; _builder_version=&#8220;4.25.1&#8243; _module_preset=&#8220;default&#8220; global_colors_info=&#8220;{}&#8220;][et_pb_row _builder_version=&#8220;4.25.1&#8243; _module_preset=&#8220;default&#8220; global_colors_info=&#8220;{}&#8220;][et_pb_column type=&#8220;4_4&#8243; _builder_version=&#8220;4.25.1&#8243; _module_preset=&#8220;default&#8220; global_colors_info=&#8220;{}&#8220;][dsm_embed_google_map address=&#8220;Hotel Cala del Porto Vibo Marina&#8220; zoom=&#8220;16&#8243; _builder_version=&#8220;4.25.1&#8243; _module_preset=&#8220;default&#8220; height=&#8220;650px&#8220; global_colors_info=&#8220;{}&#8220;][\/dsm_embed_google_map][\/et_pb_column][\/et_pb_row][\/et_pb_section][et_pb_section fb_built=&#8220;1&#8243; _builder_version=&#8220;4.25.1&#8243; _module_preset=&#8220;default&#8220; global_colors_info=&#8220;{}&#8220;][et_pb_row _builder_version=&#8220;4.25.1&#8243; global_colors_info=&#8220;{}&#8220;][et_pb_column type=&#8220;4_4&#8243; _builder_version=&#8220;4.16&#8243; global_colors_info=&#8220;{}&#8220;][et_pb_text _builder_version=&#8220;4.25.1&#8243; text_font=&#8220;RDHD|300|||||||&#8220; text_text_color=&#8220;#000000&#8243; text_font_size=&#8220;35px&#8220; text_line_height=&#8220;1.6em&#8220; link_text_color=&#8220;#7cda24&#8243; text_orientation=&#8220;center&#8220; text_font_size_tablet=&#8220;25px&#8220; text_font_size_phone=&#8220;22px&#8220; text_font_size_last_edited=&#8220;on|phone&#8220; text_orientation_tablet=&#8220;center&#8220; text_orientation_phone=&#8220;center&#8220; text_orientation_last_edited=&#8220;off|desktop&#8220; global_colors_info=&#8220;{}&#8220;]<\/p>\n<p>Das Hotel Cala del Porto in Vibo Marina ist unabh\u00e4ngig vom gew\u00e4hlten Verkehrsmittel einfach und bequem zu erreichen. Ob Sie mit dem Auto, dem Zug oder dem Flugzeug anreisen, Sie finden bequeme und gut angebundene M\u00f6glichkeiten, um Ihr Ziel zu erreichen. Das Hotel mit seiner strategisch g\u00fcnstigen Lage und den verf\u00fcgbaren Transferservices sorgt daf\u00fcr, dass der Beginn Ihres Urlaubs in Kalabrien zu einem angenehmen und sorgenfreien Erlebnis wird. Machen Sie sich bereit, die Wunder von Vibo Marina und der wundersch\u00f6nen Region Kalabrien zu entdecken, indem Sie Ihren Aufenthalt im Hotel Cala del Porto beginnen.   <\/p>\n<p>[\/et_pb_text][et_pb_text _builder_version=&#8220;4.25.1&#8243; text_font=&#8220;RDHD|300|||||||&#8220; text_text_color=&#8220;#000000&#8243; text_font_size=&#8220;20px&#8220; text_line_height=&#8220;1.6em&#8220; width=&#8220;80%&#8220; width_tablet=&#8220;100%&#8220; width_phone=&#8220;100%&#8220; width_last_edited=&#8220;on|tablet&#8220; max_width=&#8220;80%&#8220; max_width_tablet=&#8220;100%&#8220; max_width_phone=&#8220;100%&#8220; max_width_last_edited=&#8220;on|tablet&#8220; module_alignment=&#8220;center&#8220; text_font_size_tablet=&#8220;20px&#8220; text_font_size_phone=&#8220;18px&#8220; text_font_size_last_edited=&#8220;on|phone&#8220; text_orientation_tablet=&#8220;center&#8220; text_orientation_phone=&#8220;center&#8220; text_orientation_last_edited=&#8220;off|desktop&#8220; global_colors_info=&#8220;{}&#8220;]<\/p>\n<p><span style=\"font-size: xx-large;\"><strong>Mit dem Auto<\/strong><\/span><br \/>Das Hotel Cala del Porto in Vibo Marina ist dank des gut ausgebauten Autobahnnetzes Kalabriens bequem und einfach mit dem Auto zu erreichen. So gelangen Sie dorthin: <\/p>\n<p><strong>Aus Richtung Norden<\/strong><br \/>Wenn Sie aus Norditalien anreisen, nehmen Sie die Autobahn A1 in Richtung S\u00fcden. An der Abzweigung folgen Sie den Schildern zur A30\/E45 in Richtung Salerno. Fahren Sie weiter auf der A2, bekannt als Autostrada del Mediterraneo, in Richtung Reggio Calabria. Nehmen Sie die Ausfahrt Pizzo und folgen Sie den Schildern nach Vibo Marina. Das Hotel Cala del Porto liegt etwa 10 Autominuten von der Autobahnausfahrt entfernt.    <\/p>\n<p><strong>Aus dem S\u00fcden<\/strong><br \/>Wenn Sie aus S\u00fcditalien anreisen, nehmen Sie die Autobahn A2 in Richtung Norden. Nehmen Sie die Ausfahrt Pizzo und folgen Sie den Schildern nach Vibo Marina. Das Hotel liegt nicht weit von der Autobahnausfahrt entfernt, sodass Sie schnell und unkompliziert anreisen k\u00f6nnen.  <\/p>\n<p><span style=\"font-size: xx-large;\"><strong>Mit dem Zug<\/strong><\/span><br \/>Vibo Marina ist auch mit dem Zug gut erreichbar, mit verschiedenen Optionen f\u00fcr diejenigen, die bequem reisen m\u00f6chten, ohne selbst fahren zu m\u00fcssen.<\/p>\n<p><strong>Aus Richtung Norden<\/strong><br \/>Die Hochgeschwindigkeitsz\u00fcge Frecciarossa und Italo verbinden die wichtigsten italienischen St\u00e4dte wie Mailand, Bologna, Florenz, Rom und Neapel mit Kalabrien. Nehmen Sie einen Zug in Richtung Vibo Valentia-Pizzo, dem n\u00e4chstgelegenen Bahnhof zum Hotel Cala del Porto. Vom Bahnhof aus k\u00f6nnen Sie ein Taxi nehmen oder den Shuttle-Service des Hotels nutzen, der auf Anfrage verf\u00fcgbar ist.  <\/p>\n<p><strong>Aus dem S\u00fcden<\/strong><br \/>Auch wenn Sie aus dem S\u00fcden anreisen, ist der Bahnhof Vibo Valentia-Pizzo mit Regional- und Intercity-Z\u00fcgen leicht zu erreichen. Nach Ihrer Ankunft bringt Sie eine kurze Fahrt mit dem Taxi oder dem Hotel-Shuttle direkt zu Ihrem Zielort. <\/p>\n<p><span style=\"font-size: xx-large;\"><strong>Im Flugzeug<\/strong><\/span><br \/>F\u00fcr diejenigen, die von weit her anreisen, ist das Flugzeug das schnellste und praktischste Verkehrsmittel, um Vibo Marina zu erreichen. Hier finden Sie die n\u00e4chstgelegenen Flugh\u00e4fen und Informationen zur Weiterreise zum Hotel Cala del Porto. <\/p>\n<p><strong>Internationaler Flughafen Lamezia Terme (SUF)<\/strong><br \/>Der Flughafen Lamezia Terme ist mit nur 35 km Entfernung der n\u00e4chstgelegene Flughafen zu Vibo Marina. Dieser Flughafen bietet zahlreiche nationale und internationale Fl\u00fcge und verbindet Kalabrien mit den wichtigsten italienischen und europ\u00e4ischen St\u00e4dten. Vom Flughafen aus k\u00f6nnen Sie ein Taxi nehmen, ein Auto mieten oder den Shuttle-Service des Hotels nutzen, das auf Anfrage den Transfer organisieren kann.  <\/p>\n<p><strong>Flughafen Reggio Calabria (REG)<\/strong><br \/>Der Flughafen Reggio Calabria, etwa 100 km von Vibo Marina entfernt, ist eine weitere Option f\u00fcr Flugreisende. Vom Flughafen aus k\u00f6nnen Sie einen Zug nach Vibo Valentia-Pizzo nehmen oder ein Auto mieten, um zum Hotel zu gelangen. <\/p>\n<p><strong>Transferservice (kostenpflichtig)<\/strong><br \/>Das Hotel Cala del Porto bietet auf Anfrage einen bequemen Transferservice von den Flugh\u00e4fen und Bahnh\u00f6fen in der Umgebung. Dieser Service ist ideal f\u00fcr alle, die eine stressfreie Reise w\u00fcnschen und sich darauf verlassen m\u00f6chten, dass bei ihrer Ankunft ein professioneller Fahrer auf sie wartet. <\/p>\n<p>[\/et_pb_text][\/et_pb_column][\/et_pb_row][\/et_pb_section][et_pb_section fb_built=&#8220;1&#8243; _builder_version=&#8220;4.25.1&#8243; _module_preset=&#8220;default&#8220; global_module=&#8220;420&#8243; global_colors_info=&#8220;{}&#8220;][et_pb_row column_structure=&#8220;1_2,1_2&#8243; _builder_version=&#8220;4.25.1&#8243; _module_preset=&#8220;default&#8220; width=&#8220;90%&#8220; max_width=&#8220;100%&#8220; global_colors_info=&#8220;{}&#8220;][et_pb_column type=&#8220;1_2&#8243; _builder_version=&#8220;4.25.1&#8243; _module_preset=&#8220;default&#8220; global_colors_info=&#8220;{}&#8220;][et_pb_text _builder_version=&#8220;4.25.1&#8243; text_font=&#8220;RDHD|300|||||||&#8220; text_text_color=&#8220;#000000&#8243; text_font_size=&#8220;35px&#8220; text_line_height=&#8220;1.6em&#8220; link_text_color=&#8220;#7cda24&#8243; text_orientation=&#8220;center&#8220; text_font_size_tablet=&#8220;25px&#8220; text_font_size_phone=&#8220;22px&#8220; text_font_size_last_edited=&#8220;on|phone&#8220; text_orientation_tablet=&#8220;center&#8220; text_orientation_phone=&#8220;center&#8220; text_orientation_last_edited=&#8220;off|desktop&#8220; global_colors_info=&#8220;{}&#8220;]<\/p>\n<p>M\u00f6chten Sie ein individuelles Angebot?<\/p>\n<p>[\/et_pb_text][et_pb_code _builder_version=&#8220;4.25.1&#8243; _module_preset=&#8220;default&#8220; global_colors_info=&#8220;{}&#8220;] <script type=\"text\/javascript\" src=\"https:\/\/www.scidoo.com\/widget_contatti\/include_widget_contatti.js\" id=\"scidoo-widget-contatti\" data-codice=\"1286\" data-lang=\"0\" data-struttura=\"-1\" data-provenienza=\"0\" data-testo-struttura=\"\" data-container=\"\" data-tipologia-richiesta=\"0\" data-blocca-date=\"0\" data-nota-preventivo=\"\" data-settore-specifico=\"0\"><\/script>[\/et_pb_code][\/et_pb_column][et_pb_column type=&#8220;1_2&#8243; _builder_version=&#8220;4.25.1&#8243; _module_preset=&#8220;default&#8220; global_colors_info=&#8220;{}&#8220;][et_pb_text _builder_version=&#8220;4.25.1&#8243; _module_preset=&#8220;default&#8220; text_font=&#8220;RDHD||||||||&#8220; text_text_color=&#8220;#FFFFFF&#8220; text_font_size=&#8220;20px&#8220; background_color=&#8220;#475843&#8243; custom_padding=&#8220;80px|40px|80px|40px|true|true&#8220; text_font_size_tablet=&#8220;20px&#8220; text_font_size_phone=&#8220;18px&#8220; text_font_size_last_edited=&#8220;on|desktop&#8220; global_colors_info=&#8220;{}&#8220;]<\/p>\n<p>Wenn Sie direkt auf der offiziellen Website des Hotels Cala del Porto buchen, profitieren Sie von exklusiven Preisen und Sonderangeboten.<\/p>\n<p>Dadurch erhalten Sie nicht nur den besten verf\u00fcgbaren Preis, sondern auch mehr Flexibilit\u00e4t bei der Buchung und die M\u00f6glichkeit, sich bei besonderen W\u00fcnschen direkt an unsere Mitarbeiter zu wenden.<\/p>\n<p>[\/et_pb_text][et_pb_text _builder_version=&#8220;4.25.1&#8243; _module_preset=&#8220;default&#8220; text_font=&#8220;RDHD||||||||&#8220; text_text_color=&#8220;#FFFFFF&#8220; text_font_size=&#8220;20px&#8220; background_color=&#8220;#a79b8f&#8220; custom_padding=&#8220;80px|40px|80px|40px|true|true&#8220; text_font_size_tablet=&#8220;20px&#8220; text_font_size_phone=&#8220;18px&#8220; text_font_size_last_edited=&#8220;on|desktop&#8220; global_colors_info=&#8220;{}&#8220;]<\/p>\n<p><strong>-20 % im Vergleich zu Online-Agenturen<\/strong><\/p>\n<p><strong>Beste garantierte Preise<\/strong><br \/><strong><\/strong><br \/><strong>Exklusive Angebote<\/strong><\/p>\n<p>[\/et_pb_text][\/et_pb_column][\/et_pb_row][\/et_pb_section][et_pb_section fb_built=&#8220;1&#8243; _builder_version=&#8220;4.25.1&#8243; _module_preset=&#8220;default&#8220; background_color=&#8220;#fdfbf5&#8243; custom_padding=&#8220;135px||||false|false&#8220; locked=&#8220;off&#8220; global_colors_info=&#8220;{}&#8220;][et_pb_row _builder_version=&#8220;4.25.1&#8243; _module_preset=&#8220;default&#8220; global_colors_info=&#8220;{}&#8220;][et_pb_column type=&#8220;4_4&#8243; _builder_version=&#8220;4.25.1&#8243; _module_preset=&#8220;default&#8220; global_colors_info=&#8220;{}&#8220;][et_pb_code _builder_version=&#8220;4.25.1&#8243; _module_preset=&#8220;default&#8220; global_colors_info=&#8220;{}&#8220;]    <\/p>\n<div id=\"languagePopup\" class=\"popup\"><!-- [et_pb_line_break_holder] -->        <\/p>\n<div class=\"popup-content\"><!-- [et_pb_line_break_holder] -->            <span class=\"close\">\u00d7<\/span><!-- [et_pb_line_break_holder] -->            <\/p>\n<h2>Sprache ausw\u00e4hlen<\/h2>\n<p><!-- [et_pb_line_break_holder] -->            <\/p>\n<ul><!-- [et_pb_line_break_holder] -->                <\/p>\n<li><a href=\"#\"><img decoding=\"async\" src=\"https:\/\/www.caladelporto.com\/wp-content\/uploads\/2024\/05\/ita-bandiera.png\" alt=\"Italiano\"> Italiano<\/a><\/li>\n<p><!-- [et_pb_line_break_holder] -->                <\/p>\n<li><a href=\"#\"><img decoding=\"async\" src=\"https:\/\/www.caladelporto.com\/wp-content\/uploads\/2024\/05\/en-bandiera.png\" alt=\"English\"> English<\/a><\/li>\n<p><!-- [et_pb_line_break_holder] -->                <\/p>\n<li><a href=\"#\"><img decoding=\"async\" src=\"https:\/\/www.caladelporto.com\/wp-content\/uploads\/2024\/05\/bandiera-fra.png\" alt=\"Fran\u00e7ais\"> Fran\u00e7ais<\/a><\/li>\n<p><!-- [et_pb_line_break_holder] -->                <\/p>\n<li><a href=\"#\"><img decoding=\"async\" src=\"https:\/\/www.caladelporto.com\/wp-content\/uploads\/2024\/05\/de-bandiera.png\" alt=\"Deutsch\"> Deutsch<\/a><\/li>\n<p><!-- [et_pb_line_break_holder] -->            <\/ul>\n<p><!-- [et_pb_line_break_holder] -->        <\/div>\n<p><!-- [et_pb_line_break_holder] -->    <\/div>\n<p>[\/et_pb_code][et_pb_code _builder_version=&#8220;4.25.1&#8243; _module_preset=&#8220;default&#8220; global_colors_info=&#8220;{}&#8220;]<script><!-- [et_pb_line_break_holder] -->document.addEventListener('DOMContentLoaded', function () {<!-- [et_pb_line_break_holder] -->    var popup = document.getElementById('languagePopup');<!-- [et_pb_line_break_holder] -->    var btn = document.getElementById('languageButton');<!-- [et_pb_line_break_holder] -->    var span = document.getElementsByClassName('close')[0];<!-- [et_pb_line_break_holder] --><!-- [et_pb_line_break_holder] -->    btn.onclick = function () {<!-- [et_pb_line_break_holder] -->        popup.style.display = 'block';<!-- [et_pb_line_break_holder] -->    }<!-- [et_pb_line_break_holder] --><!-- [et_pb_line_break_holder] -->    span.onclick = function () {<!-- [et_pb_line_break_holder] -->        popup.style.display = 'none';<!-- [et_pb_line_break_holder] -->    }<!-- [et_pb_line_break_holder] --><!-- [et_pb_line_break_holder] -->    window.onclick = function (event) {<!-- [et_pb_line_break_holder] -->        if (event.target == popup) {<!-- [et_pb_line_break_holder] -->            popup.style.display = 'none';<!-- [et_pb_line_break_holder] -->        }<!-- [et_pb_line_break_holder] -->    }<!-- [et_pb_line_break_holder] -->});<!-- [et_pb_line_break_holder] --><!-- [et_pb_line_break_holder] --><\/script><!-- [et_pb_line_break_holder] -->  [\/et_pb_code][\/et_pb_column][\/et_pb_row][\/et_pb_section][et_pb_section fb_built=&#8220;1&#8243; disabled_on=&#8220;on|on|off&#8220; admin_label=&#8220;Booking&#8220; _builder_version=&#8220;4.25.1&#8243; background_color=&#8220;rgba(0,0,0,0)&#8220; positioning=&#8220;fixed&#8220; position_origin_a=&#8220;bottom_right&#8220; position_origin_f=&#8220;bottom_right&#8220; vertical_offset=&#8220;30px&#8220; horizontal_offset=&#8220;0px&#8220; z_index=&#8220;9999999&#8243; width=&#8220;60%&#8220; max_width=&#8220;60%&#8220; custom_padding=&#8220;0px||0px||false|false&#8220; global_module=&#8220;189&#8243; saved_tabs=&#8220;all&#8220; locked=&#8220;off&#8220; global_colors_info=&#8220;{}&#8220;][et_pb_row column_structure=&#8220;1_2,1_4,1_4&#8243; use_custom_gutter=&#8220;on&#8220; gutter_width=&#8220;2&#8243; _builder_version=&#8220;4.25.1&#8243; width=&#8220;100%&#8220; max_width=&#8220;100%&#8220; module_alignment=&#8220;right&#8220; custom_margin=&#8220;||||false|false&#8220; custom_padding=&#8220;0px|40px|0px||true|false&#8220; global_colors_info=&#8220;{}&#8220;][et_pb_column type=&#8220;1_2&#8243; _builder_version=&#8220;4.25.1&#8243; background_color=&#8220;rgba(0,0,0,0.5)&#8220; box_shadow_style=&#8220;preset1&#8243; global_colors_info=&#8220;{}&#8220;][et_pb_text _builder_version=&#8220;4.25.1&#8243; text_font=&#8220;Red Hat Display||||||||&#8220; text_text_color=&#8220;#ffffff&#8220; text_font_size=&#8220;16px&#8220; text_orientation=&#8220;center&#8220; custom_padding=&#8220;20px||20px||true|false&#8220; global_colors_info=&#8220;{}&#8220;]<\/p>\n<p><i class=\"fa-solid fa-phone\"><\/i> <span itemprop=\"telephone\"> +39 0963\/577762 | <\/span><span> <\/span><span class=\"line\"><\/span><i class=\"fa-solid fa-location-dot\"><\/i><span> Vibo Marina<\/span><\/p>\n<p>[\/et_pb_text][\/et_pb_column][et_pb_column type=&#8220;1_4&#8243; _builder_version=&#8220;4.25.1&#8243; background_color=&#8220;#fccf7b&#8220; box_shadow_style=&#8220;preset1&#8243; global_colors_info=&#8220;{}&#8220;][et_pb_text _builder_version=&#8220;4.25.1&#8243; text_font=&#8220;Red Hat Display|700|||||||&#8220; text_text_color=&#8220;gcid-heading-color&#8220; text_font_size=&#8220;16px&#8220; text_letter_spacing=&#8220;2px&#8220; text_orientation=&#8220;center&#8220; custom_padding=&#8220;20px||20px||true|false&#8220; link_option_url=&#8220;https:\/\/booking.bedzzle.com\/desktop\/?apikey=1668cb86ac904e2f307ef4058a0e7d16&#038;lang=it#search\/&#8220; global_colors_info=&#8220;{%22gcid-heading-color%22:%91%22text_text_color%22%93}&#8220;]<\/p>\n<p>BUCHEN<\/p>\n<p>[\/et_pb_text][\/et_pb_column][et_pb_column type=&#8220;1_4&#8243; _builder_version=&#8220;4.25.1&#8243; background_color=&#8220;#577a34&#8243; box_shadow_style=&#8220;preset1&#8243; global_colors_info=&#8220;{}&#8220;][et_pb_text _builder_version=&#8220;4.25.1&#8243; _dynamic_attributes=&#8220;link_option_url&#8220; text_font=&#8220;Red Hat Display|700|||||||&#8220; text_text_color=&#8220;#ffffff&#8220; text_font_size=&#8220;16px&#8220; text_letter_spacing=&#8220;2px&#8220; text_orientation=&#8220;center&#8220; custom_padding=&#8220;20px||20px||true|false&#8220; link_option_url=&#8220;@ET-DC@eyJkeW5hbWljIjp0cnVlLCJjb250ZW50IjoicG9zdF9saW5rX3VybF9wYWdlIiwic2V0dGluZ3MiOnsicG9zdF9pZCI6IjM0MDczMSIsImVuYWJsZV9odG1sIjoib2ZmIn19@&#8220; global_colors_info=&#8220;{}&#8220;]<\/p>\n<p>KOSTENVORANSCHLAG<\/p>\n<p>[\/et_pb_text][\/et_pb_column][\/et_pb_row][\/et_pb_section]<\/p>\n","protected":false},"excerpt":{"rendered":"<p>kontakteAdresse: Via Roma, 89900 Vibo Marina VV Telefon: +39 0963 577762 Umsatzsteuer-Identifikationsnummer: 03663630790 CIR: 102047-ALB-00002 CIN: IT102047A1AQJNKL8J <div class=\"et_pb_module dsm_embed_google_map dsm_embed_google_map_0\">\n\t\t\t\t\n\t\t\t\t\n\t\t\t\t\n\t\t\t\t\n\t\t\t\t\n\t\t\t\t\n\t\t\t\t<div class=\"et_pb_module_inner\">\n\t\t\t\t\t<iframe frameborder=\"0\" scrolling=\"no\" marginheight=\"0\" marginwidth=\"0\" src=\"https:\/\/maps.google.com\/maps?q=Hotel%20Cala%20del%20Porto%20Vibo%20Marina&amp;t=m&amp;z=16&amp;output=embed&amp;iwloc=near&hl=de_DE\" aria-label=\"Hotel Cala del Porto Vibo Marina\"><\/iframe>\n\t\t\t\t<\/div>\n\t\t\t<\/div>Das Hotel Cala del Porto in Vibo Marina ist unabh\u00e4ngig vom gew\u00e4hlten Verkehrsmittel einfach und bequem zu erreichen. Ob Sie mit dem Auto, dem Zug oder dem Flugzeug anreisen, Sie finden bequeme und gut angebundene M\u00f6glichkeiten, um Ihr Ziel zu erreichen. Das Hotel mit seiner strategisch g\u00fcnstigen Lage und den verf\u00fcgbaren Transferservices sorgt daf\u00fcr, dass der Beginn Ihres Urlaubs in Kalabrien zu einem angenehmen und sorgenfreien Erlebnis wird. Machen Sie sich bereit, die Wunder von Vibo Marina und der wundersch\u00f6nen Region Kalabrien zu entdecken, indem Sie Ihren Aufenthalt im Hotel Cala del Porto beginnen. Mit dem AutoDas Hotel Cala del Porto in Vibo Marina ist dank des gut ausgebauten Autobahnnetzes Kalabriens bequem und einfach mit dem Auto zu erreichen. So gelangen Sie dorthin: Aus Richtung NordenWenn Sie aus Norditalien anreisen, nehmen Sie die Autobahn A1 in Richtung S\u00fcden. An der Abzweigung folgen Sie den Schildern zur A30\/E45 in Richtung Salerno. Fahren Sie weiter auf der A2, bekannt als Autostrada del Mediterraneo, in Richtung Reggio Calabria. Nehmen Sie die Ausfahrt Pizzo und folgen [&hellip;]<\/p>\n","protected":false},"author":1,"featured_media":0,"parent":0,"menu_order":0,"comment_status":"closed","ping_status":"closed","template":"","meta":{"_et_pb_use_builder":"on","_et_pb_old_content":"","_et_gb_content_width":"","footnotes":""},"class_list":["post-345644","page","type-page","status-publish","hentry"],"_links":{"self":[{"href":"https:\/\/www.caladelporto.com\/de\/wp-json\/wp\/v2\/pages\/345644","targetHints":{"allow":["GET"]}}],"collection":[{"href":"https:\/\/www.caladelporto.com\/de\/wp-json\/wp\/v2\/pages"}],"about":[{"href":"https:\/\/www.caladelporto.com\/de\/wp-json\/wp\/v2\/types\/page"}],"author":[{"embeddable":true,"href":"https:\/\/www.caladelporto.com\/de\/wp-json\/wp\/v2\/users\/1"}],"replies":[{"embeddable":true,"href":"https:\/\/www.caladelporto.com\/de\/wp-json\/wp\/v2\/comments?post=345644"}],"version-history":[{"count":0,"href":"https:\/\/www.caladelporto.com\/de\/wp-json\/wp\/v2\/pages\/345644\/revisions"}],"wp:attachment":[{"href":"https:\/\/www.caladelporto.com\/de\/wp-json\/wp\/v2\/media?parent=345644"}],"curies":[{"name":"wp","href":"https:\/\/api.w.org\/{rel}","templated":true}]}}