{"id":345646,"date":"2024-06-29T12:11:59","date_gmt":"2024-06-29T12:11:59","guid":{"rendered":"https:\/\/www.caladelporto.com\/bildergalerie\/"},"modified":"2024-06-29T12:11:59","modified_gmt":"2024-06-29T12:11:59","slug":"bildergalerie","status":"publish","type":"page","link":"https:\/\/www.caladelporto.com\/de\/bildergalerie\/","title":{"rendered":"Bildergalerie"},"content":{"rendered":"<p>[et_pb_section fb_built=&#8220;1&#8243; _builder_version=&#8220;4.25.1&#8243; custom_padding=&#8220;120px||30px||false|false&#8220; locked=&#8220;off&#8220; global_colors_info=&#8220;{}&#8220; theme_builder_area=&#8220;post_content&#8220;][et_pb_row _builder_version=&#8220;4.25.1&#8243; _module_preset=&#8220;default&#8220; width=&#8220;100%&#8220; max_width=&#8220;100%&#8220; custom_margin=&#8220;70px||||false|false&#8220; locked=&#8220;off&#8220; global_colors_info=&#8220;{}&#8220; theme_builder_area=&#8220;post_content&#8220;][et_pb_column type=&#8220;4_4&#8243; _builder_version=&#8220;4.25.1&#8243; _module_preset=&#8220;default&#8220; global_colors_info=&#8220;{}&#8220; theme_builder_area=&#8220;post_content&#8220;][et_pb_text _builder_version=&#8220;4.25.1&#8243; _dynamic_attributes=&#8220;link_option_url&#8220; text_font=&#8220;RDHD|800||on|||||&#8220; text_text_color=&#8220;gcid-af9142b2-c7bb-4025-b5bc-0a5772cc740b&#8220; text_font_size=&#8220;16px&#8220; text_line_height=&#8220;1.6em&#8220; width=&#8220;80%&#8220; width_tablet=&#8220;100%&#8220; width_phone=&#8220;100%&#8220; width_last_edited=&#8220;on|tablet&#8220; max_width=&#8220;80%&#8220; max_width_tablet=&#8220;100%&#8220; max_width_phone=&#8220;100%&#8220; max_width_last_edited=&#8220;on|tablet&#8220; module_alignment=&#8220;center&#8220; custom_margin=&#8220;||||false|false&#8220; custom_padding=&#8220;|||40px|false|false&#8220; link_option_url=&#8220;@ET-DC@eyJkeW5hbWljIjp0cnVlLCJjb250ZW50IjoicG9zdF9saW5rX3VybF9wYWdlIiwic2V0dGluZ3MiOnsicG9zdF9pZCI6IjM0IiwiZW5hYmxlX2h0bWwiOiJvZmYifX0=@&#8220; hover_enabled=&#8220;0&#8243; text_font_size_tablet=&#8220;14px&#8220; text_font_size_phone=&#8220;14px&#8220; text_font_size_last_edited=&#8220;on|phone&#8220; text_orientation_tablet=&#8220;center&#8220; text_orientation_phone=&#8220;center&#8220; text_orientation_last_edited=&#8220;off|desktop&#8220; locked=&#8220;off&#8220; global_colors_info=&#8220;{%22gcid-af9142b2-c7bb-4025-b5bc-0a5772cc740b%22:%91%22text_text_color%22%93}&#8220; theme_builder_area=&#8220;post_content&#8220; sticky_enabled=&#8220;0&#8243;]<\/p>\n<p><i class=\"fa-solid fa-arrow-left\"><\/i> Zur\u00fcck zur Startseite<\/p>\n<p>[\/et_pb_text][\/et_pb_column][\/et_pb_row][et_pb_row _builder_version=&#8220;4.16&#8243; global_colors_info=&#8220;{}&#8220; theme_builder_area=&#8220;post_content&#8220;][et_pb_column type=&#8220;4_4&#8243; _builder_version=&#8220;4.16&#8243; global_colors_info=&#8220;{}&#8220; theme_builder_area=&#8220;post_content&#8220;][et_pb_text _builder_version=&#8220;4.25.1&#8243; header_3_font=&#8220;MR xx||||||||&#8220; header_3_text_color=&#8220;#6d6964&#8243; header_3_font_size=&#8220;11vw&#8220; text_orientation=&#8220;center&#8220; animation_style=&#8220;fade&#8220; animation_duration=&#8220;950ms&#8220; hover_enabled=&#8220;0&#8243; header_3_font_size_tablet=&#8220;13vw&#8220; header_3_font_size_phone=&#8220;12vw&#8220; header_3_font_size_last_edited=&#8220;on|phone&#8220; animation_duration_tablet=&#8220;1300ms&#8220; animation_duration_phone=&#8220;1300ms&#8220; animation_duration_last_edited=&#8220;on|phone&#8220; global_colors_info=&#8220;{}&#8220; theme_builder_area=&#8220;post_content&#8220; sticky_enabled=&#8220;0&#8243;]<\/p>\n<h3>Galerie wird aktualisiert<\/h3>\n<p>[\/et_pb_text][\/et_pb_column][\/et_pb_row][\/et_pb_section][et_pb_section fb_built=&#8220;1&#8243; _builder_version=&#8220;4.25.1&#8243; _module_preset=&#8220;default&#8220; global_module=&#8220;420&#8243; global_colors_info=&#8220;{}&#8220; theme_builder_area=&#8220;post_content&#8220;][et_pb_row column_structure=&#8220;1_2,1_2&#8243; _builder_version=&#8220;4.25.1&#8243; _module_preset=&#8220;default&#8220; width=&#8220;90%&#8220; max_width=&#8220;100%&#8220; global_colors_info=&#8220;{}&#8220; theme_builder_area=&#8220;post_content&#8220;][et_pb_column type=&#8220;1_2&#8243; _builder_version=&#8220;4.25.1&#8243; _module_preset=&#8220;default&#8220; global_colors_info=&#8220;{}&#8220; theme_builder_area=&#8220;post_content&#8220;][et_pb_text _builder_version=&#8220;4.25.1&#8243; text_font=&#8220;RDHD|300|||||||&#8220; text_text_color=&#8220;#000000&#8243; text_font_size=&#8220;35px&#8220; text_line_height=&#8220;1.6em&#8220; link_text_color=&#8220;#7cda24&#8243; text_orientation=&#8220;center&#8220; text_font_size_tablet=&#8220;25px&#8220; text_font_size_phone=&#8220;22px&#8220; text_font_size_last_edited=&#8220;on|phone&#8220; text_orientation_tablet=&#8220;center&#8220; text_orientation_phone=&#8220;center&#8220; text_orientation_last_edited=&#8220;off|desktop&#8220; global_colors_info=&#8220;{}&#8220; theme_builder_area=&#8220;post_content&#8220;]<\/p>\n<p>M\u00f6chten Sie ein individuelles Angebot?<\/p>\n<p>[\/et_pb_text][et_pb_code _builder_version=&#8220;4.25.1&#8243; _module_preset=&#8220;default&#8220; global_colors_info=&#8220;{}&#8220; theme_builder_area=&#8220;post_content&#8220;] <script type=\"text\/javascript\" src=\"https:\/\/www.scidoo.com\/widget_contatti\/include_widget_contatti.js\" id=\"scidoo-widget-contatti\" data-codice=\"1286\" data-lang=\"0\" data-struttura=\"-1\" data-provenienza=\"0\" data-testo-struttura=\"\" data-container=\"\" data-tipologia-richiesta=\"0\" data-blocca-date=\"0\" data-nota-preventivo=\"\" data-settore-specifico=\"0\"><\/script>[\/et_pb_code][\/et_pb_column][et_pb_column type=&#8220;1_2&#8243; _builder_version=&#8220;4.25.1&#8243; _module_preset=&#8220;default&#8220; global_colors_info=&#8220;{}&#8220; theme_builder_area=&#8220;post_content&#8220;][et_pb_text _builder_version=&#8220;4.25.1&#8243; _module_preset=&#8220;default&#8220; text_font=&#8220;RDHD||||||||&#8220; text_text_color=&#8220;#FFFFFF&#8220; text_font_size=&#8220;20px&#8220; background_color=&#8220;#475843&#8243; custom_padding=&#8220;80px|40px|80px|40px|true|true&#8220; text_font_size_tablet=&#8220;20px&#8220; text_font_size_phone=&#8220;18px&#8220; text_font_size_last_edited=&#8220;on|desktop&#8220; global_colors_info=&#8220;{}&#8220; theme_builder_area=&#8220;post_content&#8220;]<\/p>\n<p>Wenn Sie direkt auf der offiziellen Website des Hotels Cala del Porto buchen, profitieren Sie von exklusiven Preisen und Sonderangeboten.<\/p>\n<p>Dadurch erhalten Sie nicht nur den besten verf\u00fcgbaren Preis, sondern auch mehr Flexibilit\u00e4t bei der Buchung und die M\u00f6glichkeit, sich bei besonderen W\u00fcnschen direkt an unsere Mitarbeiter zu wenden.<\/p>\n<p>[\/et_pb_text][et_pb_text _builder_version=&#8220;4.25.1&#8243; _module_preset=&#8220;default&#8220; text_font=&#8220;RDHD||||||||&#8220; text_text_color=&#8220;#FFFFFF&#8220; text_font_size=&#8220;20px&#8220; background_color=&#8220;#a79b8f&#8220; custom_padding=&#8220;80px|40px|80px|40px|true|true&#8220; text_font_size_tablet=&#8220;20px&#8220; text_font_size_phone=&#8220;18px&#8220; text_font_size_last_edited=&#8220;on|desktop&#8220; global_colors_info=&#8220;{}&#8220; theme_builder_area=&#8220;post_content&#8220;]<\/p>\n<p><strong>-20 % im Vergleich zu Online-Agenturen<\/strong><\/p>\n<p><strong>Beste garantierte Preise<\/strong><br \/><strong><\/strong><br \/><strong>Exklusive Angebote<\/strong><\/p>\n<p>[\/et_pb_text][\/et_pb_column][\/et_pb_row][\/et_pb_section][et_pb_section fb_built=&#8220;1&#8243; _builder_version=&#8220;4.25.1&#8243; _module_preset=&#8220;default&#8220; background_color=&#8220;#fdfbf5&#8243; custom_padding=&#8220;135px||||false|false&#8220; global_module=&#8220;421&#8243; global_colors_info=&#8220;{}&#8220; theme_builder_area=&#8220;post_content&#8220;][et_pb_row column_structure=&#8220;1_2,1_2&#8243; _builder_version=&#8220;4.25.1&#8243; _module_preset=&#8220;default&#8220; width=&#8220;90%&#8220; max_width=&#8220;100%&#8220; global_colors_info=&#8220;{}&#8220; theme_builder_area=&#8220;post_content&#8220;][et_pb_column type=&#8220;1_2&#8243; _builder_version=&#8220;4.25.1&#8243; _module_preset=&#8220;default&#8220; global_colors_info=&#8220;{}&#8220; theme_builder_area=&#8220;post_content&#8220;][et_pb_text _builder_version=&#8220;4.25.1&#8243; text_font=&#8220;RDHD|300|||||||&#8220; text_text_color=&#8220;#000000&#8243; text_font_size=&#8220;35px&#8220; text_line_height=&#8220;1.6em&#8220; link_text_color=&#8220;#7cda24&#8243; text_orientation=&#8220;center&#8220; text_font_size_tablet=&#8220;25px&#8220; text_font_size_phone=&#8220;22px&#8220; text_font_size_last_edited=&#8220;on|phone&#8220; text_orientation_tablet=&#8220;center&#8220; text_orientation_phone=&#8220;center&#8220; text_orientation_last_edited=&#8220;off|desktop&#8220; global_colors_info=&#8220;{}&#8220; theme_builder_area=&#8220;post_content&#8220;]<\/p>\n<p>Newsletter<\/p>\n<p>[\/et_pb_text][et_pb_text _builder_version=&#8220;4.25.1&#8243; text_font=&#8220;RDHD|300|||||||&#8220; text_text_color=&#8220;#000000&#8243; text_font_size=&#8220;20px&#8220; text_line_height=&#8220;1.6em&#8220; link_text_color=&#8220;#7cda24&#8243; width=&#8220;80%&#8220; width_tablet=&#8220;100%&#8220; width_phone=&#8220;100%&#8220; width_last_edited=&#8220;on|tablet&#8220; max_width=&#8220;80%&#8220; max_width_tablet=&#8220;100%&#8220; max_width_phone=&#8220;100%&#8220; max_width_last_edited=&#8220;on|tablet&#8220; module_alignment=&#8220;center&#8220; text_font_size_tablet=&#8220;20px&#8220; text_font_size_phone=&#8220;18px&#8220; text_font_size_last_edited=&#8220;on|phone&#8220; text_orientation_tablet=&#8220;center&#8220; text_orientation_phone=&#8220;center&#8220; text_orientation_last_edited=&#8220;off|desktop&#8220; global_colors_info=&#8220;{}&#8220; theme_builder_area=&#8220;post_content&#8220;]<\/p>\n<p>Wenn Sie \u00fcber alle Neuigkeiten, exklusiven Angebote und Sonderveranstaltungen des Hotels Cala del Porto auf dem Laufenden bleiben m\u00f6chten, abonnieren Sie unseren Newsletter!<\/p>\n<p>[\/et_pb_text][\/et_pb_column][et_pb_column type=&#8220;1_2&#8243; _builder_version=&#8220;4.25.1&#8243; _module_preset=&#8220;default&#8220; global_colors_info=&#8220;{}&#8220; theme_builder_area=&#8220;post_content&#8220;][et_pb_text _builder_version=&#8220;4.25.1&#8243; _module_preset=&#8220;default&#8220; background_color=&#8220;#FFFFFF&#8220; custom_padding=&#8220;20px|10px|20px|10px|true|true&#8220; global_colors_info=&#8220;{}&#8220; theme_builder_area=&#8220;post_content&#8220;]<\/p>\n<p>E-Mail<\/p>\n<p>[\/et_pb_text][et_pb_text _builder_version=&#8220;4.25.1&#8243; text_font=&#8220;Red Hat Display|700|||||||&#8220; text_text_color=&#8220;#ffffff&#8220; text_font_size=&#8220;16px&#8220; text_letter_spacing=&#8220;2px&#8220; background_color=&#8220;#475843&#8243; text_orientation=&#8220;center&#8220; custom_padding=&#8220;20px||20px||true|false&#8220; global_colors_info=&#8220;{}&#8220; theme_builder_area=&#8220;post_content&#8220;]<\/p>\n<p>REGISTRIEREN<\/p>\n<p>[\/et_pb_text][\/et_pb_column][\/et_pb_row][\/et_pb_section][et_pb_section fb_built=&#8220;1&#8243; _builder_version=&#8220;4.25.1&#8243; _module_preset=&#8220;default&#8220; global_module=&#8220;419&#8243; global_colors_info=&#8220;{}&#8220; theme_builder_area=&#8220;post_content&#8220;][et_pb_row _builder_version=&#8220;4.25.1&#8243; _module_preset=&#8220;default&#8220; global_colors_info=&#8220;{}&#8220; theme_builder_area=&#8220;post_content&#8220;][et_pb_column type=&#8220;4_4&#8243; _builder_version=&#8220;4.25.1&#8243; _module_preset=&#8220;default&#8220; global_colors_info=&#8220;{}&#8220; theme_builder_area=&#8220;post_content&#8220;][et_pb_image src=&#8220;https:\/\/www.caladelporto.com\/wp-content\/uploads\/2024\/05\/logo1-3.png&#8220; title_text=&#8220;logo1-3&#8243; _builder_version=&#8220;4.25.1&#8243; _module_preset=&#8220;default&#8220; global_colors_info=&#8220;{}&#8220; theme_builder_area=&#8220;post_content&#8220;][\/et_pb_image][et_pb_text _builder_version=&#8220;4.25.1&#8243; text_font=&#8220;RDHD|300|||||||&#8220; text_text_color=&#8220;#000000&#8243; text_font_size=&#8220;20px&#8220; text_line_height=&#8220;1.6em&#8220; link_text_color=&#8220;#7cda24&#8243; width_last_edited=&#8220;off|desktop&#8220; max_width_tablet=&#8220;&#8220; max_width_phone=&#8220;&#8220; max_width_last_edited=&#8220;on|tablet&#8220; module_alignment=&#8220;center&#8220; text_font_size_tablet=&#8220;20px&#8220; text_font_size_phone=&#8220;18px&#8220; text_font_size_last_edited=&#8220;on|phone&#8220; text_orientation_tablet=&#8220;center&#8220; text_orientation_phone=&#8220;center&#8220; text_orientation_last_edited=&#8220;off|desktop&#8220; global_colors_info=&#8220;{}&#8220; theme_builder_area=&#8220;post_content&#8220;]<\/p>\n<p>Adresse: Via Roma, 89900 Vibo Marina VV<\/p>\n<p>Telefon: 0963 577762<\/p>\n<p>Umsatzsteuer-Identifikationsnummer:<\/p>\n<p>Cir:<\/p>\n<p>&nbsp;<\/p>\n<p>[\/et_pb_text][et_pb_social_media_follow _builder_version=&#8220;4.25.1&#8243; _module_preset=&#8220;default&#8220; global_colors_info=&#8220;{}&#8220; theme_builder_area=&#8220;post_content&#8220;][et_pb_social_media_follow_network social_network=&#8220;facebook&#8220; _builder_version=&#8220;4.25.1&#8243; _module_preset=&#8220;default&#8220; background_color=&#8220;#3b5998&#8243; global_colors_info=&#8220;{}&#8220; theme_builder_area=&#8220;post_content&#8220; follow_button=&#8220;off&#8220; url_new_window=&#8220;on&#8220;]facebook[\/et_pb_social_media_follow_network][et_pb_social_media_follow_network social_network=&#8220;twitter&#8220; _builder_version=&#8220;4.25.1&#8243; _module_preset=&#8220;default&#8220; background_color=&#8220;#000000&#8243; global_colors_info=&#8220;{}&#8220; theme_builder_area=&#8220;post_content&#8220; follow_button=&#8220;off&#8220; url_new_window=&#8220;on&#8220;]X[\/et_pb_social_media_follow_network][\/et_pb_social_media_follow][\/et_pb_column][\/et_pb_row][et_pb_row _builder_version=&#8220;4.25.1&#8243; _module_preset=&#8220;default&#8220; global_colors_info=&#8220;{}&#8220; theme_builder_area=&#8220;post_content&#8220;][et_pb_column type=&#8220;4_4&#8243; _builder_version=&#8220;4.25.1&#8243; _module_preset=&#8220;default&#8220; global_colors_info=&#8220;{}&#8220; theme_builder_area=&#8220;post_content&#8220;][et_pb_divider color=&#8220;#000000&#8243; _builder_version=&#8220;4.25.1&#8243; _module_preset=&#8220;default&#8220; global_colors_info=&#8220;{}&#8220; theme_builder_area=&#8220;post_content&#8220;][\/et_pb_divider][\/et_pb_column][\/et_pb_row][et_pb_row _builder_version=&#8220;4.25.1&#8243; _module_preset=&#8220;default&#8220; global_colors_info=&#8220;{}&#8220; theme_builder_area=&#8220;post_content&#8220;][et_pb_column type=&#8220;4_4&#8243; _builder_version=&#8220;4.25.1&#8243; _module_preset=&#8220;default&#8220; global_colors_info=&#8220;{}&#8220; theme_builder_area=&#8220;post_content&#8220;][et_pb_text _builder_version=&#8220;4.25.1&#8243; text_font=&#8220;RDHD|800|||||||&#8220; text_text_color=&#8220;#000000&#8243; text_font_size=&#8220;20px&#8220; text_line_height=&#8220;1.6em&#8220; link_text_color=&#8220;#7cda24&#8243; text_orientation=&#8220;right&#8220; width_last_edited=&#8220;off|desktop&#8220; max_width_tablet=&#8220;&#8220; max_width_phone=&#8220;&#8220; max_width_last_edited=&#8220;on|tablet&#8220; module_alignment=&#8220;center&#8220; text_font_size_tablet=&#8220;20px&#8220; text_font_size_phone=&#8220;18px&#8220; text_font_size_last_edited=&#8220;on|phone&#8220; text_orientation_tablet=&#8220;center&#8220; text_orientation_phone=&#8220;center&#8220; text_orientation_last_edited=&#8220;on|tablet&#8220; global_colors_info=&#8220;{}&#8220; theme_builder_area=&#8220;post_content&#8220;]<\/p>\n<p>credits <img loading=\"lazy\" decoding=\"async\" src=\"https:\/\/www.caladelporto.com\/wp-content\/uploads\/2024\/05\/logo-hotel-target-2.0-7-300x29.png\" width=\"155\" height=\"15\" alt=\"\" class=\"wp-image-146 alignnone size-medium\"><\/p>\n<p>[\/et_pb_text][\/et_pb_column][\/et_pb_row][\/et_pb_section][et_pb_section fb_built=&#8220;1&#8243; _builder_version=&#8220;4.25.1&#8243; _module_preset=&#8220;default&#8220; background_color=&#8220;#fdfbf5&#8243; custom_padding=&#8220;135px||||false|false&#8220; locked=&#8220;off&#8220; global_colors_info=&#8220;{}&#8220; theme_builder_area=&#8220;post_content&#8220;][et_pb_row _builder_version=&#8220;4.25.1&#8243; _module_preset=&#8220;default&#8220; global_colors_info=&#8220;{}&#8220; theme_builder_area=&#8220;post_content&#8220;][et_pb_column type=&#8220;4_4&#8243; _builder_version=&#8220;4.25.1&#8243; _module_preset=&#8220;default&#8220; global_colors_info=&#8220;{}&#8220; theme_builder_area=&#8220;post_content&#8220;][et_pb_code _builder_version=&#8220;4.25.1&#8243; _module_preset=&#8220;default&#8220; global_colors_info=&#8220;{}&#8220; theme_builder_area=&#8220;post_content&#8220;]    <\/p>\n<div id=\"languagePopup\" class=\"popup\"><!-- [et_pb_line_break_holder] -->        <\/p>\n<div class=\"popup-content\"><!-- [et_pb_line_break_holder] -->            <span class=\"close\">\u00d7<\/span><!-- [et_pb_line_break_holder] -->            <\/p>\n<h2>Sprache ausw\u00e4hlen<\/h2>\n<p><!-- [et_pb_line_break_holder] -->            <\/p>\n<ul><!-- [et_pb_line_break_holder] -->                <\/p>\n<li><a href=\"#\"><img decoding=\"async\" src=\"https:\/\/www.caladelporto.com\/wp-content\/uploads\/2024\/05\/ita-bandiera.png\" alt=\"Italiano\"> Italiano<\/a><\/li>\n<p><!-- [et_pb_line_break_holder] -->                <\/p>\n<li><a href=\"#\"><img decoding=\"async\" src=\"https:\/\/www.caladelporto.com\/wp-content\/uploads\/2024\/05\/en-bandiera.png\" alt=\"English\"> English<\/a><\/li>\n<p><!-- [et_pb_line_break_holder] -->                <\/p>\n<li><a href=\"#\"><img decoding=\"async\" src=\"https:\/\/www.caladelporto.com\/wp-content\/uploads\/2024\/05\/bandiera-fra.png\" alt=\"Fran\u00e7ais\"> Fran\u00e7ais<\/a><\/li>\n<p><!-- [et_pb_line_break_holder] -->                <\/p>\n<li><a href=\"#\"><img decoding=\"async\" src=\"https:\/\/www.caladelporto.com\/wp-content\/uploads\/2024\/05\/de-bandiera.png\" alt=\"Deutsch\"> Deutsch<\/a><\/li>\n<p><!-- [et_pb_line_break_holder] -->            <\/ul>\n<p><!-- [et_pb_line_break_holder] -->        <\/div>\n<p><!-- [et_pb_line_break_holder] -->    <\/div>\n<p>[\/et_pb_code][et_pb_code _builder_version=&#8220;4.25.1&#8243; _module_preset=&#8220;default&#8220; global_colors_info=&#8220;{}&#8220; theme_builder_area=&#8220;post_content&#8220;]<script><!-- [et_pb_line_break_holder] -->document.addEventListener('DOMContentLoaded', function () {<!-- [et_pb_line_break_holder] -->    var popup = document.getElementById('languagePopup');<!-- [et_pb_line_break_holder] -->    var btn = document.getElementById('languageButton');<!-- [et_pb_line_break_holder] -->    var span = document.getElementsByClassName('close')[0];<!-- [et_pb_line_break_holder] --><!-- [et_pb_line_break_holder] -->    btn.onclick = function () {<!-- [et_pb_line_break_holder] -->        popup.style.display = 'block';<!-- [et_pb_line_break_holder] -->    }<!-- [et_pb_line_break_holder] --><!-- [et_pb_line_break_holder] -->    span.onclick = function () {<!-- [et_pb_line_break_holder] -->        popup.style.display = 'none';<!-- [et_pb_line_break_holder] -->    }<!-- [et_pb_line_break_holder] --><!-- [et_pb_line_break_holder] -->    window.onclick = function (event) {<!-- [et_pb_line_break_holder] -->        if (event.target == popup) {<!-- [et_pb_line_break_holder] -->            popup.style.display = 'none';<!-- [et_pb_line_break_holder] -->        }<!-- [et_pb_line_break_holder] -->    }<!-- [et_pb_line_break_holder] -->});<!-- [et_pb_line_break_holder] --><!-- [et_pb_line_break_holder] --><\/script><!-- [et_pb_line_break_holder] -->  [\/et_pb_code][\/et_pb_column][\/et_pb_row][\/et_pb_section][et_pb_section fb_built=&#8220;1&#8243; disabled_on=&#8220;on|on|off&#8220; _builder_version=&#8220;4.25.1&#8243; background_color=&#8220;rgba(0,0,0,0)&#8220; positioning=&#8220;fixed&#8220; position_origin_a=&#8220;bottom_right&#8220; position_origin_f=&#8220;bottom_right&#8220; vertical_offset=&#8220;30px&#8220; horizontal_offset=&#8220;0px&#8220; z_index=&#8220;9999999&#8243; width=&#8220;60%&#8220; max_width=&#8220;60%&#8220; custom_padding=&#8220;0px||0px||false|false&#8220; global_module=&#8220;189&#8243; saved_tabs=&#8220;all&#8220; locked=&#8220;off&#8220; global_colors_info=&#8220;{}&#8220; theme_builder_area=&#8220;post_content&#8220;][et_pb_row column_structure=&#8220;1_2,1_4,1_4&#8243; use_custom_gutter=&#8220;on&#8220; gutter_width=&#8220;2&#8243; _builder_version=&#8220;4.25.1&#8243; width=&#8220;100%&#8220; max_width=&#8220;100%&#8220; module_alignment=&#8220;right&#8220; custom_margin=&#8220;||||false|false&#8220; custom_padding=&#8220;0px|40px|0px||true|false&#8220; global_colors_info=&#8220;{}&#8220; theme_builder_area=&#8220;post_content&#8220;][et_pb_column type=&#8220;1_2&#8243; _builder_version=&#8220;4.25.1&#8243; background_color=&#8220;rgba(0,0,0,0.5)&#8220; box_shadow_style=&#8220;preset1&#8243; global_colors_info=&#8220;{}&#8220; theme_builder_area=&#8220;post_content&#8220;][et_pb_text _builder_version=&#8220;4.25.1&#8243; text_font=&#8220;Red Hat Display||||||||&#8220; text_text_color=&#8220;#ffffff&#8220; text_font_size=&#8220;16px&#8220; text_orientation=&#8220;center&#8220; custom_padding=&#8220;20px||20px||true|false&#8220; global_colors_info=&#8220;{}&#8220; theme_builder_area=&#8220;post_content&#8220;]<\/p>\n<p><i class=\"fa-solid fa-phone\"><\/i> <span itemprop=\"telephone\"> +39 0963\/577762 | <\/span><span> <\/span><span class=\"line\"><\/span><i class=\"fa-solid fa-location-dot\"><\/i><span> Vibo Marina<\/span><\/p>\n<p>[\/et_pb_text][\/et_pb_column][et_pb_column type=&#8220;1_4&#8243; _builder_version=&#8220;4.25.1&#8243; background_color=&#8220;#fccf7b&#8220; box_shadow_style=&#8220;preset1&#8243; global_colors_info=&#8220;{}&#8220; theme_builder_area=&#8220;post_content&#8220;][et_pb_text _builder_version=&#8220;4.25.1&#8243; text_font=&#8220;Red Hat Display|700|||||||&#8220; text_text_color=&#8220;gcid-heading-color&#8220; text_font_size=&#8220;16px&#8220; text_letter_spacing=&#8220;2px&#8220; text_orientation=&#8220;center&#8220; custom_padding=&#8220;20px||20px||true|false&#8220; link_option_url=&#8220;https:\/\/booking.bedzzle.com\/desktop\/?apikey=1668cb86ac904e2f307ef4058a0e7d16&#038;lang=it#search\/&#8220; global_colors_info=&#8220;{%22gcid-heading-color%22:%91%22text_text_color%22%93}&#8220; theme_builder_area=&#8220;post_content&#8220;]<\/p>\n<p>BUCHEN<\/p>\n<p>[\/et_pb_text][\/et_pb_column][et_pb_column type=&#8220;1_4&#8243; _builder_version=&#8220;4.25.1&#8243; background_color=&#8220;#577a34&#8243; box_shadow_style=&#8220;preset1&#8243; global_colors_info=&#8220;{}&#8220; theme_builder_area=&#8220;post_content&#8220;][et_pb_text _builder_version=&#8220;4.25.1&#8243; _dynamic_attributes=&#8220;link_option_url&#8220; text_font=&#8220;Red Hat Display|700|||||||&#8220; text_text_color=&#8220;#ffffff&#8220; text_font_size=&#8220;16px&#8220; text_letter_spacing=&#8220;2px&#8220; text_orientation=&#8220;center&#8220; custom_padding=&#8220;20px||20px||true|false&#8220; link_option_url=&#8220;@ET-DC@eyJkeW5hbWljIjp0cnVlLCJjb250ZW50IjoicG9zdF9saW5rX3VybF9wYWdlIiwic2V0dGluZ3MiOnsicG9zdF9pZCI6IjM0MDczMSIsImVuYWJsZV9odG1sIjoib2ZmIn19@&#8220; global_colors_info=&#8220;{}&#8220; theme_builder_area=&#8220;post_content&#8220;]<\/p>\n<p>KOSTENVORANSCHLAG<\/p>\n<p>[\/et_pb_text][\/et_pb_column][\/et_pb_row][\/et_pb_section]<\/p>\n","protected":false},"excerpt":{"rendered":"<p>Zur\u00fcck zur StartseiteGalerie wird aktualisiertM\u00f6chten Sie ein individuelles Angebot?Wenn Sie direkt auf der offiziellen Website des Hotels Cala del Porto buchen, profitieren Sie von exklusiven Preisen und Sonderangeboten. Dadurch erhalten Sie nicht nur den besten verf\u00fcgbaren Preis, sondern auch mehr Flexibilit\u00e4t bei der Buchung und die M\u00f6glichkeit, sich bei besonderen W\u00fcnschen direkt an unsere Mitarbeiter zu wenden.-20 % im Vergleich zu Online-Agenturen Beste garantierte PreiseExklusive AngeboteNewsletterWenn Sie \u00fcber alle Neuigkeiten, exklusiven Angebote und Sonderveranstaltungen des Hotels Cala del Porto auf dem Laufenden bleiben m\u00f6chten, abonnieren Sie unseren Newsletter!E-MailREGISTRIERENAdresse: Via Roma, 89900 Vibo Marina VV Telefon: 0963 577762 Umsatzsteuer-Identifikationsnummer: Cir: &nbsp;credits +39 0963\/577762 | Vibo MarinaBUCHENKOSTENVORANSCHLAG<\/p>\n","protected":false},"author":1,"featured_media":0,"parent":0,"menu_order":0,"comment_status":"closed","ping_status":"closed","template":"","meta":{"_et_pb_use_builder":"on","_et_pb_old_content":"","_et_gb_content_width":"","footnotes":""},"class_list":["post-345646","page","type-page","status-publish","hentry"],"_links":{"self":[{"href":"https:\/\/www.caladelporto.com\/de\/wp-json\/wp\/v2\/pages\/345646","targetHints":{"allow":["GET"]}}],"collection":[{"href":"https:\/\/www.caladelporto.com\/de\/wp-json\/wp\/v2\/pages"}],"about":[{"href":"https:\/\/www.caladelporto.com\/de\/wp-json\/wp\/v2\/types\/page"}],"author":[{"embeddable":true,"href":"https:\/\/www.caladelporto.com\/de\/wp-json\/wp\/v2\/users\/1"}],"replies":[{"embeddable":true,"href":"https:\/\/www.caladelporto.com\/de\/wp-json\/wp\/v2\/comments?post=345646"}],"version-history":[{"count":0,"href":"https:\/\/www.caladelporto.com\/de\/wp-json\/wp\/v2\/pages\/345646\/revisions"}],"wp:attachment":[{"href":"https:\/\/www.caladelporto.com\/de\/wp-json\/wp\/v2\/media?parent=345646"}],"curies":[{"name":"wp","href":"https:\/\/api.w.org\/{rel}","templated":true}]}}